{"id":30,"date":"2022-09-26T19:30:42","date_gmt":"2022-09-26T19:30:42","guid":{"rendered":"https:\/\/epierotti.com.br\/?page_id=30"},"modified":"2026-02-25T13:20:32","modified_gmt":"2026-02-25T13:20:32","slug":"produtos","status":"publish","type":"page","link":"https:\/\/epierotti.com.br\/en\/produtos\/","title":{"rendered":"Products"},"content":{"rendered":"<div data-elementor-type=\"wp-page\" data-elementor-id=\"30\" class=\"elementor elementor-30\">\n\t\t\t\t\t\t\t<div class=\"elementor-element elementor-element-307fad6 e-container--row e-container\" data-id=\"307fad6\" data-element_type=\"container\" data-settings=\"{&quot;background_background&quot;:&quot;classic&quot;}\">\t\t<div class=\"elementor-element elementor-element-85760c0 e-container--column elementor-invisible e-container\" data-id=\"85760c0\" data-element_type=\"container\" data-settings=\"{&quot;animation&quot;:&quot;fadeInUp&quot;,&quot;animation_delay&quot;:500,&quot;animation_mobile&quot;:&quot;none&quot;}\">\t\t\t\t<div class=\"elementor-element elementor-element-de024ed elementor-widget elementor-widget-heading\" data-id=\"de024ed\" data-element_type=\"widget\" data-widget_type=\"heading.default\">\n\t\t\t\t<div class=\"elementor-widget-container\">\n\t\t\t<style>\/*! elementor - v3.7.7 - 20-09-2022 *\/\n.elementor-heading-title{padding:0;margin:0;line-height:1}.elementor-widget-heading .elementor-heading-title[class*=elementor-size-]>a{color:inherit;font-size:inherit;line-height:inherit}.elementor-widget-heading .elementor-heading-title.elementor-size-small{font-size:15px}.elementor-widget-heading .elementor-heading-title.elementor-size-medium{font-size:19px}.elementor-widget-heading .elementor-heading-title.elementor-size-large{font-size:29px}.elementor-widget-heading .elementor-heading-title.elementor-size-xl{font-size:39px}.elementor-widget-heading .elementor-heading-title.elementor-size-xxl{font-size:59px}<\/style><h2 class=\"elementor-heading-title elementor-size-default\">Products<\/h2>\t\t<\/div>\n\t\t\t\t<\/div>\n\t\t\t\t<div class=\"elementor-element elementor-element-c7ed3d3 elementor-view-default elementor-widget elementor-widget-icon\" data-id=\"c7ed3d3\" data-element_type=\"widget\" data-widget_type=\"icon.default\">\n\t\t\t\t<div class=\"elementor-widget-container\">\n\t\t\t\t\t<div class=\"elementor-icon-wrapper\">\n\t\t\t<div class=\"elementor-icon\">\n\t\t\t<svg xmlns=\"http:\/\/www.w3.org\/2000\/svg\" xmlns:xlink=\"http:\/\/www.w3.org\/1999\/xlink\" width=\"26px\" height=\"18px\" viewbox=\"0 0 26 18\"><title>&gt; 2<\/title><g id=\"Page-1\" stroke=\"none\" stroke-width=\"1\" fill=\"none\" fill-rule=\"evenodd\"><g id=\"Quem-Somos\" transform=\"translate(-705.000000, -278.000000)\" fill=\"#FFFFFF\" fill-rule=\"nonzero\"><g id=\"&gt;-2\" transform=\"translate(709.000000, 278.000000)\"><g id=\"&gt;\" transform=\"translate(9.159000, 8.827000) rotate(-270.000000) translate(-9.159000, -8.827000) translate(2.863100, -4.014135)\"><path d=\"M0.613521531,25.6822691 C0.438229665,25.6822691 0.29215311,25.600348 0.175291866,25.4365058 C0.058430622,25.2726636 9.76881271e-14,25.0678608 9.76881271e-14,24.8220974 L9.76881271e-14,20.152594 C9.76881271e-14,19.7702954 0.068169059,19.4767448 0.204507177,19.271942 C0.340845295,19.0671392 0.545352472,18.8282026 0.818028708,18.5551323 L7.04088995,12.8206543 L0.818028708,7.12713689 C0.564829346,6.90868059 0.365191388,6.68339753 0.219114833,6.4512877 C0.0730382775,6.21917788 9.76881271e-14,5.89832019 9.76881271e-14,5.48871462 L9.76881271e-14,0.860171694 C9.76881271e-14,0.587101315 0.058430622,0.375471771 0.175291866,0.225283063 C0.29215311,0.0750943542 0.438229665,1.84451701e-13 0.613521531,1.84451701e-13 C0.730382775,1.84451701e-13 0.886197767,0.0819211137 1.08096651,0.245763341 L11.744555,10.4039814 C12.056185,10.7043589 12.2752998,10.9774292 12.4018995,11.2231926 C12.5284992,11.4689559 12.591799,11.7829869 12.591799,12.1652854 L12.591799,13.4760232 C12.591799,13.8583217 12.52363,14.1860062 12.3872919,14.4590766 C12.2509537,14.7321469 12.0367081,15.0052173 11.744555,15.2782877 L1.08096651,25.4365058 C0.886197767,25.600348 0.730382775,25.6822691 0.613521531,25.6822691 Z\" id=\"Path\"><\/path><\/g><\/g><\/g><\/g><\/svg>\t\t\t<\/div>\n\t\t<\/div>\n\t\t\t\t<\/div>\n\t\t\t\t<\/div>\n\t\t<\/div><\/div><div class=\"elementor-element elementor-element-be2ca8c e-container--row e-container\" data-id=\"be2ca8c\" data-element_type=\"container\" data-settings=\"{&quot;background_background&quot;:&quot;classic&quot;}\">\t\t<div class=\"elementor-element elementor-element-b0a5543 e-container--column e-container\" data-id=\"b0a5543\" data-element_type=\"container\">\t\t\t\t<div class=\"elementor-element elementor-element-2b754e4 elementor-widget__width-initial elementor-widget elementor-widget-heading\" data-id=\"2b754e4\" data-element_type=\"widget\" data-settings=\"{&quot;_animation_mobile&quot;:&quot;none&quot;}\" data-widget_type=\"heading.default\">\n\t\t\t\t<div class=\"elementor-widget-container\">\n\t\t\t<h2 class=\"elementor-heading-title elementor-size-default\">We offer a complete range of products that meet the quality standards and expectations of our customers<\/h2>\t\t<\/div>\n\t\t\t\t<\/div>\n\t\t\t\t<div class=\"elementor-element elementor-element-8dd0a62 elementor-widget elementor-widget-text-editor\" data-id=\"8dd0a62\" data-element_type=\"widget\" data-widget_type=\"text-editor.default\">\n\t\t\t\t<div class=\"elementor-widget-container\">\n\t\t\t<style>\/*! elementor - v3.7.7 - 20-09-2022 *\/\n.elementor-widget-text-editor.elementor-drop-cap-view-stacked .elementor-drop-cap{background-color:#818a91;color:#fff}.elementor-widget-text-editor.elementor-drop-cap-view-framed .elementor-drop-cap{color:#818a91;border:3px solid;background-color:transparent}.elementor-widget-text-editor:not(.elementor-drop-cap-view-default) .elementor-drop-cap{margin-top:8px}.elementor-widget-text-editor:not(.elementor-drop-cap-view-default) .elementor-drop-cap-letter{width:1em;height:1em}.elementor-widget-text-editor .elementor-drop-cap{float:left;text-align:center;line-height:1;font-size:50px}.elementor-widget-text-editor .elementor-drop-cap-letter{display:inline-block}<\/style>\t\t\t\t<p class=\"p1\">Our extensive product list covers almost everything available in the industry making us a high-quality supplier.<\/p>\t\t\t\t\t\t<\/div>\n\t\t\t\t<\/div>\n\t\t<\/div><div class=\"elementor-element elementor-element-b15cae2 e-container--column e-container\" data-id=\"b15cae2\" data-element_type=\"container\">\t\t\t\t<div class=\"elementor-element elementor-element-9d6ebd4 elementor-widget elementor-widget-image\" data-id=\"9d6ebd4\" data-element_type=\"widget\" data-widget_type=\"image.default\">\n\t\t\t\t<div class=\"elementor-widget-container\">\n\t\t\t<style>\/*! elementor - v3.7.7 - 20-09-2022 *\/\n.elementor-widget-image{text-align:center}.elementor-widget-image a{display:inline-block}.elementor-widget-image a img[src$=\".svg\"]{width:48px}.elementor-widget-image img{vertical-align:middle;display:inline-block}<\/style>\t\t\t\t\t\t\t\t\t\t\t\t<img decoding=\"async\" width=\"428\" height=\"334\" src=\"https:\/\/epierotti.com.br\/wp-content\/uploads\/2022\/09\/servicos-1.png\" class=\"attachment-large size-large\" alt=\"\" srcset=\"https:\/\/epierotti.com.br\/wp-content\/uploads\/2022\/09\/servicos-1.png 428w, https:\/\/epierotti.com.br\/wp-content\/uploads\/2022\/09\/servicos-1-300x234.png 300w\" sizes=\"(max-width: 428px) 100vw, 428px\" \/>\t\t\t\t\t\t\t\t\t\t\t\t\t\t\t<\/div>\n\t\t\t\t<\/div>\n\t\t<\/div><\/div><div class=\"elementor-element elementor-element-7285962 e-container--row e-container\" data-id=\"7285962\" data-element_type=\"container\" data-settings=\"{&quot;background_background&quot;:&quot;classic&quot;}\">\t\t<div class=\"elementor-element elementor-element-335f825 e-container--column e-container\" data-id=\"335f825\" data-element_type=\"container\">\t\t\t\t<div class=\"elementor-element elementor-element-7dc4975 elementor-widget elementor-widget-image\" data-id=\"7dc4975\" data-element_type=\"widget\" data-widget_type=\"image.default\">\n\t\t\t\t<div class=\"elementor-widget-container\">\n\t\t\t\t\t\t\t\t\t\t\t\t\t\t\t<img decoding=\"async\" width=\"243\" height=\"209\" src=\"https:\/\/epierotti.com.br\/wp-content\/uploads\/2022\/09\/Bitmap.png\" class=\"attachment-large size-large\" alt=\"\" \/>\t\t\t\t\t\t\t\t\t\t\t\t\t\t\t<\/div>\n\t\t\t\t<\/div>\n\t\t<\/div><div class=\"elementor-element elementor-element-9cfdeca e-container--column e-container\" data-id=\"9cfdeca\" data-element_type=\"container\">\t\t\t\t<div class=\"elementor-element elementor-element-8a0c64d elementor-widget elementor-widget-heading\" data-id=\"8a0c64d\" data-element_type=\"widget\" data-settings=\"{&quot;_animation&quot;:&quot;none&quot;,&quot;_animation_mobile&quot;:&quot;none&quot;}\" data-widget_type=\"heading.default\">\n\t\t\t\t<div class=\"elementor-widget-container\">\n\t\t\t<h2 class=\"elementor-heading-title elementor-size-default\">Beverages and Food \u2013 Dry, Fresh, Chilled, and Frozen<\/h2>\t\t<\/div>\n\t\t\t\t<\/div>\n\t\t\t\t<div class=\"elementor-element elementor-element-8fbb673 elementor-widget elementor-widget-text-editor\" data-id=\"8fbb673\" data-element_type=\"widget\" data-widget_type=\"text-editor.default\">\n\t\t\t\t<div class=\"elementor-widget-container\">\n\t\t\t\t\t\t\t<p class=\"p1\">If it is here, it is tasty. Items in this section are checked daily and only the perfect item reaches you.<\/p>\t\t\t\t\t\t<\/div>\n\t\t\t\t<\/div>\n\t\t<\/div><\/div><div class=\"elementor-element elementor-element-365245d e-container--row e-container\" data-id=\"365245d\" data-element_type=\"container\" data-settings=\"{&quot;background_background&quot;:&quot;classic&quot;}\">\t\t<div class=\"elementor-element elementor-element-7c842fa e-container--column e-container\" data-id=\"7c842fa\" data-element_type=\"container\">\t\t\t\t<div class=\"elementor-element elementor-element-4c291a0 elementor-widget elementor-widget-image\" data-id=\"4c291a0\" data-element_type=\"widget\" data-widget_type=\"image.default\">\n\t\t\t\t<div class=\"elementor-widget-container\">\n\t\t\t\t\t\t\t\t\t\t\t\t\t\t\t<img decoding=\"async\" width=\"243\" height=\"209\" src=\"https:\/\/epierotti.com.br\/wp-content\/uploads\/2022\/09\/Bitmap-1.png\" class=\"attachment-large size-large\" alt=\"\" \/>\t\t\t\t\t\t\t\t\t\t\t\t\t\t\t<\/div>\n\t\t\t\t<\/div>\n\t\t<\/div><div class=\"elementor-element elementor-element-8d61077 e-container--column e-container\" data-id=\"8d61077\" data-element_type=\"container\">\t\t\t\t<div class=\"elementor-element elementor-element-a5289ec elementor-widget elementor-widget-heading\" data-id=\"a5289ec\" data-element_type=\"widget\" data-settings=\"{&quot;_animation&quot;:&quot;none&quot;,&quot;_animation_mobile&quot;:&quot;none&quot;}\" data-widget_type=\"heading.default\">\n\t\t\t\t<div class=\"elementor-widget-container\">\n\t\t\t<h2 class=\"elementor-heading-title elementor-size-default\">Cleaning materials<\/h2>\t\t<\/div>\n\t\t\t\t<\/div>\n\t\t\t\t<div class=\"elementor-element elementor-element-1197f87 elementor-widget elementor-widget-text-editor\" data-id=\"1197f87\" data-element_type=\"widget\" data-widget_type=\"text-editor.default\">\n\t\t\t\t<div class=\"elementor-widget-container\">\n\t\t\t\t\t\t\t<p class=\"p1\">We provide all types of cleaning materials and equipment that vessels need.<\/p>\t\t\t\t\t\t<\/div>\n\t\t\t\t<\/div>\n\t\t<\/div><\/div><div class=\"elementor-element elementor-element-bc54e30 e-container--row e-container\" data-id=\"bc54e30\" data-element_type=\"container\" data-settings=\"{&quot;background_background&quot;:&quot;classic&quot;}\">\t\t<div class=\"elementor-element elementor-element-454f312 e-container--column e-container\" data-id=\"454f312\" data-element_type=\"container\">\t\t\t\t<div class=\"elementor-element elementor-element-3c225b8 elementor-widget elementor-widget-image\" data-id=\"3c225b8\" data-element_type=\"widget\" data-widget_type=\"image.default\">\n\t\t\t\t<div class=\"elementor-widget-container\">\n\t\t\t\t\t\t\t\t\t\t\t\t\t\t\t<img decoding=\"async\" width=\"246\" height=\"211\" src=\"https:\/\/epierotti.com.br\/wp-content\/uploads\/2022\/09\/Bitmap-2.png\" class=\"attachment-large size-large\" alt=\"\" \/>\t\t\t\t\t\t\t\t\t\t\t\t\t\t\t<\/div>\n\t\t\t\t<\/div>\n\t\t<\/div><div class=\"elementor-element elementor-element-ca36736 e-container--column e-container\" data-id=\"ca36736\" data-element_type=\"container\">\t\t\t\t<div class=\"elementor-element elementor-element-8255b8e elementor-widget elementor-widget-heading\" data-id=\"8255b8e\" data-element_type=\"widget\" data-settings=\"{&quot;_animation&quot;:&quot;none&quot;,&quot;_animation_mobile&quot;:&quot;none&quot;}\" data-widget_type=\"heading.default\">\n\t\t\t\t<div class=\"elementor-widget-container\">\n\t\t\t<h2 class=\"elementor-heading-title elementor-size-default\">Publications and Nautical Charts.<\/h2>\t\t<\/div>\n\t\t\t\t<\/div>\n\t\t\t\t<div class=\"elementor-element elementor-element-c3d5f11 elementor-widget elementor-widget-text-editor\" data-id=\"c3d5f11\" data-element_type=\"widget\" data-widget_type=\"text-editor.default\">\n\t\t\t\t<div class=\"elementor-widget-container\">\n\t\t\t\t\t\t\t<p class=\"p1\">Certified suppliers and original products, which means guaranteed security. Letters and Publications; Navigation instruments, Routing charts, Logbooks, BHF GPS, UHF radio.\u00a0<\/p>\t\t\t\t\t\t<\/div>\n\t\t\t\t<\/div>\n\t\t<\/div><\/div><div class=\"elementor-element elementor-element-04cd69e elementor-hidden-desktop elementor-hidden-tablet elementor-hidden-mobile e-container--row e-container\" data-id=\"04cd69e\" data-element_type=\"container\" data-settings=\"{&quot;background_background&quot;:&quot;classic&quot;}\">\t\t<div class=\"elementor-element elementor-element-337a5ac e-container--column e-container\" data-id=\"337a5ac\" data-element_type=\"container\">\t\t\t\t<div class=\"elementor-element elementor-element-c38d59e elementor-widget elementor-widget-image\" data-id=\"c38d59e\" data-element_type=\"widget\" data-widget_type=\"image.default\">\n\t\t\t\t<div class=\"elementor-widget-container\">\n\t\t\t\t\t\t\t\t\t\t\t\t\t\t\t<img decoding=\"async\" width=\"246\" height=\"211\" src=\"https:\/\/epierotti.com.br\/wp-content\/uploads\/2022\/09\/Bitmap-3.png\" class=\"attachment-large size-large\" alt=\"\" \/>\t\t\t\t\t\t\t\t\t\t\t\t\t\t\t<\/div>\n\t\t\t\t<\/div>\n\t\t<\/div><div class=\"elementor-element elementor-element-0f2ef9f e-container--column e-container\" data-id=\"0f2ef9f\" data-element_type=\"container\">\t\t\t\t<div class=\"elementor-element elementor-element-0a89bb8 elementor-widget elementor-widget-heading\" data-id=\"0a89bb8\" data-element_type=\"widget\" data-settings=\"{&quot;_animation&quot;:&quot;none&quot;,&quot;_animation_mobile&quot;:&quot;none&quot;}\" data-widget_type=\"heading.default\">\n\t\t\t\t<div class=\"elementor-widget-container\">\n\t\t\t<h2 class=\"elementor-heading-title elementor-size-default\">Chemicals<\/h2>\t\t<\/div>\n\t\t\t\t<\/div>\n\t\t\t\t<div class=\"elementor-element elementor-element-bb7afb8 elementor-widget elementor-widget-text-editor\" data-id=\"bb7afb8\" data-element_type=\"widget\" data-widget_type=\"text-editor.default\">\n\t\t\t\t<div class=\"elementor-widget-container\">\n\t\t\t\t\t\t\t<p class=\"p1\">We offer a wide variety of items to ships calling at ports in Southeast Brazil.<\/p>\t\t\t\t\t\t<\/div>\n\t\t\t\t<\/div>\n\t\t<\/div><\/div><div class=\"elementor-element elementor-element-91b9b7b e-container--row e-container\" data-id=\"91b9b7b\" data-element_type=\"container\" data-settings=\"{&quot;background_background&quot;:&quot;classic&quot;}\">\t\t<div class=\"elementor-element elementor-element-10cf5ba e-container--column e-container\" data-id=\"10cf5ba\" data-element_type=\"container\">\t\t\t\t<div class=\"elementor-element elementor-element-a19e244 elementor-widget elementor-widget-image\" data-id=\"a19e244\" data-element_type=\"widget\" data-widget_type=\"image.default\">\n\t\t\t\t<div class=\"elementor-widget-container\">\n\t\t\t\t\t\t\t\t\t\t\t\t\t\t\t<img decoding=\"async\" width=\"246\" height=\"211\" src=\"https:\/\/epierotti.com.br\/wp-content\/uploads\/2022\/09\/Bitmap-4.png\" class=\"attachment-large size-large\" alt=\"\" \/>\t\t\t\t\t\t\t\t\t\t\t\t\t\t\t<\/div>\n\t\t\t\t<\/div>\n\t\t<\/div><div class=\"elementor-element elementor-element-c525ece e-container--column e-container\" data-id=\"c525ece\" data-element_type=\"container\">\t\t\t\t<div class=\"elementor-element elementor-element-cc5b755 elementor-widget elementor-widget-heading\" data-id=\"cc5b755\" data-element_type=\"widget\" data-settings=\"{&quot;_animation&quot;:&quot;none&quot;,&quot;_animation_mobile&quot;:&quot;none&quot;}\" data-widget_type=\"heading.default\">\n\t\t\t\t<div class=\"elementor-widget-container\">\n\t\t\t<h2 class=\"elementor-heading-title elementor-size-default\">Deck and Engine.<\/h2>\t\t<\/div>\n\t\t\t\t<\/div>\n\t\t\t\t<div class=\"elementor-element elementor-element-628fbad elementor-widget elementor-widget-text-editor\" data-id=\"628fbad\" data-element_type=\"widget\" data-widget_type=\"text-editor.default\">\n\t\t\t\t<div class=\"elementor-widget-container\">\n\t\t\t\t\t\t\t<p class=\"p1\">High-quality in all aspects so that you can travel calmly to your destination.<\/p>\t\t\t\t\t\t<\/div>\n\t\t\t\t<\/div>\n\t\t<\/div><\/div><div class=\"elementor-element elementor-element-8e6c228 elementor-hidden-desktop elementor-hidden-tablet elementor-hidden-mobile e-container--row e-container\" data-id=\"8e6c228\" data-element_type=\"container\" data-settings=\"{&quot;background_background&quot;:&quot;classic&quot;}\">\t\t<div class=\"elementor-element elementor-element-77496b8 e-container--column e-container\" data-id=\"77496b8\" data-element_type=\"container\">\t\t\t\t<div class=\"elementor-element elementor-element-5893e54 elementor-widget elementor-widget-image\" data-id=\"5893e54\" data-element_type=\"widget\" data-widget_type=\"image.default\">\n\t\t\t\t<div class=\"elementor-widget-container\">\n\t\t\t\t\t\t\t\t\t\t\t\t\t\t\t<img decoding=\"async\" width=\"246\" height=\"211\" src=\"https:\/\/epierotti.com.br\/wp-content\/uploads\/2022\/09\/Bitmap-5.png\" class=\"attachment-large size-large\" alt=\"\" \/>\t\t\t\t\t\t\t\t\t\t\t\t\t\t\t<\/div>\n\t\t\t\t<\/div>\n\t\t<\/div><div class=\"elementor-element elementor-element-8b0d0f4 e-container--column e-container\" data-id=\"8b0d0f4\" data-element_type=\"container\">\t\t\t\t<div class=\"elementor-element elementor-element-66649d6 elementor-widget elementor-widget-heading\" data-id=\"66649d6\" data-element_type=\"widget\" data-settings=\"{&quot;_animation&quot;:&quot;none&quot;,&quot;_animation_mobile&quot;:&quot;none&quot;}\" data-widget_type=\"heading.default\">\n\t\t\t\t<div class=\"elementor-widget-container\">\n\t\t\t<h2 class=\"elementor-heading-title elementor-size-default\"><span>Gas<\/span><\/h2>\t\t<\/div>\n\t\t\t\t<\/div>\n\t\t\t\t<div class=\"elementor-element elementor-element-e1f75c1 elementor-widget elementor-widget-text-editor\" data-id=\"e1f75c1\" data-element_type=\"widget\" data-widget_type=\"text-editor.default\">\n\t\t\t\t<div class=\"elementor-widget-container\">\n\t\t\t\t\t\t\t<p class=\"p1\">We work with trucks and qualified employees to provide full support in handling special cargo, such as chemicals and gases.<\/p>\t\t\t\t\t\t<\/div>\n\t\t\t\t<\/div>\n\t\t<\/div><\/div>\t\t\t\t\t<\/div>","protected":false},"excerpt":{"rendered":"<p>&gt; 2 Oferecemos uma gama completa de produtos que satisfazem os padr\u00f5es de qualidade e expectativas de nossos clientes Nossa extensa lista de produtos abrange quase tudo o que est\u00e1 dispon\u00edvel no segmento tornando-nos um fornecedor top-de-linha. Bebidas e Alimentos \u2013 Secos, Frescos, Refrigerados e Congelados Para estar aqui, tem que ser saboroso de verdade. [&hellip;]<\/p>","protected":false},"author":1,"featured_media":0,"parent":0,"menu_order":0,"comment_status":"closed","ping_status":"closed","template":"","meta":{"footnotes":""},"_links":{"self":[{"href":"https:\/\/epierotti.com.br\/en\/wp-json\/wp\/v2\/pages\/30"}],"collection":[{"href":"https:\/\/epierotti.com.br\/en\/wp-json\/wp\/v2\/pages"}],"about":[{"href":"https:\/\/epierotti.com.br\/en\/wp-json\/wp\/v2\/types\/page"}],"author":[{"embeddable":true,"href":"https:\/\/epierotti.com.br\/en\/wp-json\/wp\/v2\/users\/1"}],"replies":[{"embeddable":true,"href":"https:\/\/epierotti.com.br\/en\/wp-json\/wp\/v2\/comments?post=30"}],"version-history":[{"count":29,"href":"https:\/\/epierotti.com.br\/en\/wp-json\/wp\/v2\/pages\/30\/revisions"}],"predecessor-version":[{"id":1398,"href":"https:\/\/epierotti.com.br\/en\/wp-json\/wp\/v2\/pages\/30\/revisions\/1398"}],"wp:attachment":[{"href":"https:\/\/epierotti.com.br\/en\/wp-json\/wp\/v2\/media?parent=30"}],"curies":[{"name":"wp","href":"https:\/\/api.w.org\/{rel}","templated":true}]}}