{"id":1288,"date":"2025-03-27T16:28:50","date_gmt":"2025-03-27T16:28:50","guid":{"rendered":"https:\/\/epierotti.com.br\/?page_id=1288"},"modified":"2025-10-02T18:07:22","modified_gmt":"2025-10-02T18:07:22","slug":"about-us","status":"publish","type":"page","link":"https:\/\/epierotti.com.br\/en\/about-us\/","title":{"rendered":"About us"},"content":{"rendered":"<div data-elementor-type=\"wp-page\" data-elementor-id=\"1288\" class=\"elementor elementor-1288\">\n\t\t\t\t\t\t\t<div class=\"elementor-element elementor-element-6ecade4 e-container--row e-container\" data-id=\"6ecade4\" data-element_type=\"container\" data-settings=\"{&quot;background_background&quot;:&quot;classic&quot;}\">\t\t<div class=\"elementor-element elementor-element-a35d49c e-container--column elementor-invisible e-container\" data-id=\"a35d49c\" data-element_type=\"container\" data-settings=\"{&quot;animation&quot;:&quot;fadeInUp&quot;,&quot;animation_delay&quot;:500,&quot;animation_mobile&quot;:&quot;none&quot;}\">\t\t\t\t<div class=\"elementor-element elementor-element-01fc799 elementor-widget elementor-widget-heading\" data-id=\"01fc799\" data-element_type=\"widget\" data-widget_type=\"heading.default\">\n\t\t\t\t<div class=\"elementor-widget-container\">\n\t\t\t<style>\/*! elementor - v3.7.7 - 20-09-2022 *\/\n.elementor-heading-title{padding:0;margin:0;line-height:1}.elementor-widget-heading .elementor-heading-title[class*=elementor-size-]>a{color:inherit;font-size:inherit;line-height:inherit}.elementor-widget-heading .elementor-heading-title.elementor-size-small{font-size:15px}.elementor-widget-heading .elementor-heading-title.elementor-size-medium{font-size:19px}.elementor-widget-heading .elementor-heading-title.elementor-size-large{font-size:29px}.elementor-widget-heading .elementor-heading-title.elementor-size-xl{font-size:39px}.elementor-widget-heading .elementor-heading-title.elementor-size-xxl{font-size:59px}<\/style><h2 class=\"elementor-heading-title elementor-size-default\">About us<\/h2>\t\t<\/div>\n\t\t\t\t<\/div>\n\t\t\t\t<div class=\"elementor-element elementor-element-8186b64 elementor-view-default elementor-widget elementor-widget-icon\" data-id=\"8186b64\" data-element_type=\"widget\" data-widget_type=\"icon.default\">\n\t\t\t\t<div class=\"elementor-widget-container\">\n\t\t\t\t\t<div class=\"elementor-icon-wrapper\">\n\t\t\t<div class=\"elementor-icon\">\n\t\t\t<svg xmlns=\"http:\/\/www.w3.org\/2000\/svg\" xmlns:xlink=\"http:\/\/www.w3.org\/1999\/xlink\" width=\"26px\" height=\"18px\" viewbox=\"0 0 26 18\"><title>&gt; 2<\/title><g id=\"Page-1\" stroke=\"none\" stroke-width=\"1\" fill=\"none\" fill-rule=\"evenodd\"><g id=\"Quem-Somos\" transform=\"translate(-705.000000, -278.000000)\" fill=\"#FFFFFF\" fill-rule=\"nonzero\"><g id=\"&gt;-2\" transform=\"translate(709.000000, 278.000000)\"><g id=\"&gt;\" transform=\"translate(9.159000, 8.827000) rotate(-270.000000) translate(-9.159000, -8.827000) translate(2.863100, -4.014135)\"><path d=\"M0.613521531,25.6822691 C0.438229665,25.6822691 0.29215311,25.600348 0.175291866,25.4365058 C0.058430622,25.2726636 9.76881271e-14,25.0678608 9.76881271e-14,24.8220974 L9.76881271e-14,20.152594 C9.76881271e-14,19.7702954 0.068169059,19.4767448 0.204507177,19.271942 C0.340845295,19.0671392 0.545352472,18.8282026 0.818028708,18.5551323 L7.04088995,12.8206543 L0.818028708,7.12713689 C0.564829346,6.90868059 0.365191388,6.68339753 0.219114833,6.4512877 C0.0730382775,6.21917788 9.76881271e-14,5.89832019 9.76881271e-14,5.48871462 L9.76881271e-14,0.860171694 C9.76881271e-14,0.587101315 0.058430622,0.375471771 0.175291866,0.225283063 C0.29215311,0.0750943542 0.438229665,1.84451701e-13 0.613521531,1.84451701e-13 C0.730382775,1.84451701e-13 0.886197767,0.0819211137 1.08096651,0.245763341 L11.744555,10.4039814 C12.056185,10.7043589 12.2752998,10.9774292 12.4018995,11.2231926 C12.5284992,11.4689559 12.591799,11.7829869 12.591799,12.1652854 L12.591799,13.4760232 C12.591799,13.8583217 12.52363,14.1860062 12.3872919,14.4590766 C12.2509537,14.7321469 12.0367081,15.0052173 11.744555,15.2782877 L1.08096651,25.4365058 C0.886197767,25.600348 0.730382775,25.6822691 0.613521531,25.6822691 Z\" id=\"Path\"><\/path><\/g><\/g><\/g><\/g><\/svg>\t\t\t<\/div>\n\t\t<\/div>\n\t\t\t\t<\/div>\n\t\t\t\t<\/div>\n\t\t<\/div><\/div><div class=\"elementor-element elementor-element-c3866fd e-container--row e-container\" data-id=\"c3866fd\" data-element_type=\"container\" data-settings=\"{&quot;background_background&quot;:&quot;classic&quot;}\">\t\t<div class=\"elementor-element elementor-element-5d41826 e-container--column e-container\" data-id=\"5d41826\" data-element_type=\"container\">\t\t\t\t<div class=\"elementor-element elementor-element-e23734f elementor-widget elementor-widget-text-editor\" data-id=\"e23734f\" data-element_type=\"widget\" data-widget_type=\"text-editor.default\">\n\t\t\t\t<div class=\"elementor-widget-container\">\n\t\t\t<style>\/*! elementor - v3.7.7 - 20-09-2022 *\/\n.elementor-widget-text-editor.elementor-drop-cap-view-stacked .elementor-drop-cap{background-color:#818a91;color:#fff}.elementor-widget-text-editor.elementor-drop-cap-view-framed .elementor-drop-cap{color:#818a91;border:3px solid;background-color:transparent}.elementor-widget-text-editor:not(.elementor-drop-cap-view-default) .elementor-drop-cap{margin-top:8px}.elementor-widget-text-editor:not(.elementor-drop-cap-view-default) .elementor-drop-cap-letter{width:1em;height:1em}.elementor-widget-text-editor .elementor-drop-cap{float:left;text-align:center;line-height:1;font-size:50px}.elementor-widget-text-editor .elementor-drop-cap-letter{display:inline-block}<\/style>\t\t\t\t<p class=\"p1\">At <b>Master Marine<\/b>, we are driven by the mission to serve vessels sailing along the Brazilian coast with excellence and full compliance. We operate as a general ship supplier for vessels and offshore units, delivering comprehensive solutions in food, beverages, and technical consumables <b>since 1949<\/b> \u2014 a legacy that began with the traditional <b>Mansueto Pierotti &amp; Filhos Ltda.<\/b> and continues to evolve steadily today.<\/p><p class=\"p1\">Headquartered in <b>Santos (SP),<\/b> with a branch in S\u00e3o Sebasti\u00e3o (SP), our infrastructure is strategically located to serve the main ports in Brazil\u2019s Southeast region, including Santos, S\u00e3o Sebasti\u00e3o, Paranagu\u00e1, Rio de Janeiro, Itagua\u00ed, Sepetiba, Gua\u00edba, and Angra dos Reis (others available upon prior consultation).<\/p><p class=\"p1\">Our official foundation dates back to <b>1965<\/b>, under the name <b>Fornecedora Santista de Navios Ltda.<\/b>, established by <b>Mansueto Pierotti<\/b> and his son <b>Eug\u00eanio C. Pierotti<\/b>. Over time, we evolved into <b>Master Marine Com\u00e9rcio e Exporta\u00e7\u00e3o Ltda.<\/b>, a name that honors captains, officers, and crew \u2014 the true protagonists of navigation and an essential part of global trade.<\/p><p class=\"p1\">We are proud members of <b>ISSA, WISTA, ABFN, <\/b>and<b> IMPA<\/b> \u2014 prestigious international associations that strengthen our global presence and reaffirm our ongoing commitment to the highest standards in the maritime industry.<\/p><p class=\"p1\">We are also <b>ISO 9001:2015 certified <\/b>and proudly hold the distinction of being the <b>first company in our sector in Brazil to achieve HACCP certification<\/b> \u2014 a testament to our leadership in food safety and sanitary excellence, <b>one of our greatest strengths<\/b>.<\/p><p class=\"p1\">We serve all types of vessels \u2014 from bulk carriers to offshore tugs, including container ships, tankers, passenger ships, dredgers, and many more. Each client is unique, and our commercial team is dedicated to understanding the specific needs of every crew.<\/p><p class=\"p1\">More than just a supplier, Master Marine is a <b>safe harbor<\/b> for shipowners, catering companies, and captains who value trusted partnerships and quality delivery. With our <b>own fleet<\/b>, skilled team, solid infrastructure, and processes aligned with port authority requirements, we ensure compliance and efficiency in every operation.<\/p><p class=\"p1\">Our product portfolio is broad and constantly updated, ranging from essential items to specialized technical supplies. We are continuously evolving to deliver fast, reliable solutions that meet the high standards of the maritime industry.<\/p><p class=\"p1\">With <b>nearly a century<\/b> of family tradition and professional expertise, we remain committed to our purpose: <b>to be a leading reference in onboard consumables supply<\/b>, with a focus on customer satisfaction, innovation, and excellence in everything we do.<\/p><p class=\"p1\"><b>Master Marine. Where tradition, pioneering, quality, and trust sail together.<\/b><\/p>\t\t\t\t\t\t<\/div>\n\t\t\t\t<\/div>\n\t\t<\/div><div class=\"elementor-element elementor-element-9ef4324 e-container--column e-container\" data-id=\"9ef4324\" data-element_type=\"container\">\t\t\t\t<div class=\"elementor-element elementor-element-1c6b235 elementor-widget elementor-widget-image\" data-id=\"1c6b235\" data-element_type=\"widget\" data-widget_type=\"image.default\">\n\t\t\t\t<div class=\"elementor-widget-container\">\n\t\t\t<style>\/*! elementor - v3.7.7 - 20-09-2022 *\/\n.elementor-widget-image{text-align:center}.elementor-widget-image a{display:inline-block}.elementor-widget-image a img[src$=\".svg\"]{width:48px}.elementor-widget-image img{vertical-align:middle;display:inline-block}<\/style>\t\t\t\t\t\t\t\t\t\t\t\t\t<a href=\"https:\/\/epierotti.com.br\/wp-content\/uploads\/2025\/03\/Registro-historico-rotated.jpeg\" data-elementor-open-lightbox=\"yes\" data-elementor-lightbox-title=\"Registro histo\u0301rico\" e-action-hash=\"#elementor-action%3Aaction%3Dlightbox%26settings%3DeyJpZCI6MTI1NiwidXJsIjoiaHR0cHM6XC9cL2VwaWVyb3R0aS5jb20uYnJcL3dwLWNvbnRlbnRcL3VwbG9hZHNcLzIwMjVcLzAzXC9SZWdpc3Ryby1oaXN0b3JpY28tcm90YXRlZC5qcGVnIn0%3D\">\n\t\t\t\t\t\t\t<img decoding=\"async\" width=\"768\" height=\"1024\" src=\"https:\/\/epierotti.com.br\/wp-content\/uploads\/2025\/03\/Registro-historico-768x1024.jpeg\" class=\"attachment-large size-large\" alt=\"\" srcset=\"https:\/\/epierotti.com.br\/wp-content\/uploads\/2025\/03\/Registro-historico-768x1024.jpeg 768w, https:\/\/epierotti.com.br\/wp-content\/uploads\/2025\/03\/Registro-historico-225x300.jpeg 225w, https:\/\/epierotti.com.br\/wp-content\/uploads\/2025\/03\/Registro-historico-9x12.jpeg 9w, https:\/\/epierotti.com.br\/wp-content\/uploads\/2025\/03\/Registro-historico-rotated.jpeg 960w\" sizes=\"(max-width: 768px) 100vw, 768px\" \/>\t\t\t\t\t\t\t\t<\/a>\n\t\t\t\t\t\t\t\t\t\t\t\t\t\t\t<\/div>\n\t\t\t\t<\/div>\n\t\t\t\t<div class=\"elementor-element elementor-element-3f43d15 elementor-widget elementor-widget-image\" data-id=\"3f43d15\" data-element_type=\"widget\" data-widget_type=\"image.default\">\n\t\t\t\t<div class=\"elementor-widget-container\">\n\t\t\t\t\t\t\t\t\t\t\t\t\t\t\t<img decoding=\"async\" width=\"417\" height=\"364\" src=\"https:\/\/epierotti.com.br\/wp-content\/uploads\/2025\/03\/ingles.png\" class=\"attachment-large size-large\" alt=\"\" srcset=\"https:\/\/epierotti.com.br\/wp-content\/uploads\/2025\/03\/ingles.png 417w, https:\/\/epierotti.com.br\/wp-content\/uploads\/2025\/03\/ingles-300x262.png 300w, https:\/\/epierotti.com.br\/wp-content\/uploads\/2025\/03\/ingles-14x12.png 14w\" sizes=\"(max-width: 417px) 100vw, 417px\" \/>\t\t\t\t\t\t\t\t\t\t\t\t\t\t\t<\/div>\n\t\t\t\t<\/div>\n\t\t<\/div><\/div><div class=\"elementor-element elementor-element-1cedfea e-container--column e-container\" data-id=\"1cedfea\" data-element_type=\"container\">\t\t\t\t<div class=\"elementor-element elementor-element-ad0f8cc elementor-widget elementor-widget-heading\" data-id=\"ad0f8cc\" data-element_type=\"widget\" data-settings=\"{&quot;_animation&quot;:&quot;none&quot;,&quot;_animation_mobile&quot;:&quot;none&quot;}\" data-widget_type=\"heading.default\">\n\t\t\t\t<div class=\"elementor-widget-container\">\n\t\t\t<h2 class=\"elementor-heading-title elementor-size-default\">Corporate Governance<\/h2>\t\t<\/div>\n\t\t\t\t<\/div>\n\t\t<\/div><div class=\"elementor-element elementor-element-88321dc e-container--row e-container\" data-id=\"88321dc\" data-element_type=\"container\">\t\t<div class=\"elementor-element elementor-element-1c9dbea e-container--column e-container\" data-id=\"1c9dbea\" data-element_type=\"container\" data-settings=\"{&quot;background_background&quot;:&quot;classic&quot;}\">\t\t\t\t<div class=\"elementor-element elementor-element-e96772f elementor-widget elementor-widget-heading\" data-id=\"e96772f\" data-element_type=\"widget\" data-widget_type=\"heading.default\">\n\t\t\t\t<div class=\"elementor-widget-container\">\n\t\t\t<h2 class=\"elementor-heading-title elementor-size-default\">Our Mission<\/h2>\t\t<\/div>\n\t\t\t\t<\/div>\n\t\t\t\t<div class=\"elementor-element elementor-element-10fb8fc elementor-widget elementor-widget-text-editor\" data-id=\"10fb8fc\" data-element_type=\"widget\" data-widget_type=\"text-editor.default\">\n\t\t\t\t<div class=\"elementor-widget-container\">\n\t\t\t\t\t\t\t<p>Provide consumer goods to our valued customers, exceeding their expectations.<\/p><p>Continuously promote the evolution of processes and the experience of employees, suppliers and customers.<\/p><p>Be part of the supply chain as a benchmark for success.<\/p>\t\t\t\t\t\t<\/div>\n\t\t\t\t<\/div>\n\t\t<\/div><div class=\"elementor-element elementor-element-c9a82c6 e-container--column e-container\" data-id=\"c9a82c6\" data-element_type=\"container\" data-settings=\"{&quot;background_background&quot;:&quot;classic&quot;}\">\t\t\t\t<div class=\"elementor-element elementor-element-de49520 elementor-widget elementor-widget-heading\" data-id=\"de49520\" data-element_type=\"widget\" data-widget_type=\"heading.default\">\n\t\t\t\t<div class=\"elementor-widget-container\">\n\t\t\t<h2 class=\"elementor-heading-title elementor-size-default\">Our Vision<\/h2>\t\t<\/div>\n\t\t\t\t<\/div>\n\t\t\t\t<div class=\"elementor-element elementor-element-9f0f851 elementor-widget elementor-widget-text-editor\" data-id=\"9f0f851\" data-element_type=\"widget\" data-widget_type=\"text-editor.default\">\n\t\t\t\t<div class=\"elementor-widget-container\">\n\t\t\t\t\t\t\t<p class=\"p1\">Consolidate our position as a reference in the Brazilian market, always innovating and interacting with the constant changes and daily challenges of the ship supply sector.<\/p>\t\t\t\t\t\t<\/div>\n\t\t\t\t<\/div>\n\t\t<\/div><div class=\"elementor-element elementor-element-7450cc6 e-container--column e-container\" data-id=\"7450cc6\" data-element_type=\"container\" data-settings=\"{&quot;background_background&quot;:&quot;classic&quot;}\">\t\t\t\t<div class=\"elementor-element elementor-element-c2d2dc5 elementor-widget elementor-widget-heading\" data-id=\"c2d2dc5\" data-element_type=\"widget\" data-widget_type=\"heading.default\">\n\t\t\t\t<div class=\"elementor-widget-container\">\n\t\t\t<h2 class=\"elementor-heading-title elementor-size-default\">Our Values<\/h2>\t\t<\/div>\n\t\t\t\t<\/div>\n\t\t\t\t<div class=\"elementor-element elementor-element-76ba598 elementor-widget elementor-widget-text-editor\" data-id=\"76ba598\" data-element_type=\"widget\" data-widget_type=\"text-editor.default\">\n\t\t\t\t<div class=\"elementor-widget-container\">\n\t\t\t\t\t\t\t<p class=\"p1\">Honesty \u2013 Quality \u2013 Tolerance \u2013 Engagement \u2013 \u200b\u200bSustainability \u2013 Diversity<\/p>\t\t\t\t\t\t<\/div>\n\t\t\t\t<\/div>\n\t\t<\/div><\/div><div class=\"elementor-element elementor-element-65fa6d7 e-container--row e-container\" data-id=\"65fa6d7\" data-element_type=\"container\" data-settings=\"{&quot;background_background&quot;:&quot;classic&quot;}\">\t\t<div class=\"elementor-element elementor-element-b6c656f e-container--column e-container\" data-id=\"b6c656f\" data-element_type=\"container\">\t\t\t\t<div class=\"elementor-element elementor-element-be7fd2d elementor-widget elementor-widget-heading\" data-id=\"be7fd2d\" data-element_type=\"widget\" data-settings=\"{&quot;_animation&quot;:&quot;none&quot;,&quot;_animation_mobile&quot;:&quot;none&quot;}\" data-widget_type=\"heading.default\">\n\t\t\t\t<div class=\"elementor-widget-container\">\n\t\t\t<h2 class=\"elementor-heading-title elementor-size-default\">Board of Directors\n<\/h2>\t\t<\/div>\n\t\t\t\t<\/div>\n\t\t\t\t<div class=\"elementor-element elementor-element-2417e85 elementor-widget elementor-widget-text-editor\" data-id=\"2417e85\" data-element_type=\"widget\" data-widget_type=\"text-editor.default\">\n\t\t\t\t<div class=\"elementor-widget-container\">\n\t\t\t\t\t\t\t<p class=\"p1\">The current board of directors is formed by the third generation, consisting of:<\/p>\t\t\t\t\t\t<\/div>\n\t\t\t\t<\/div>\n\t\t<\/div><\/div><div class=\"elementor-element elementor-element-145ce2b e-container--row e-container\" data-id=\"145ce2b\" data-element_type=\"container\">\t\t<div class=\"elementor-element elementor-element-68bcd82 e-container--column e-container\" data-id=\"68bcd82\" data-element_type=\"container\">\t\t\t\t<div class=\"elementor-element elementor-element-cb2f4b6 elementor-widget elementor-widget-image\" data-id=\"cb2f4b6\" data-element_type=\"widget\" data-widget_type=\"image.default\">\n\t\t\t\t<div class=\"elementor-widget-container\">\n\t\t\t\t\t\t\t\t\t\t\t\t\t\t\t<img decoding=\"async\" width=\"800\" height=\"800\" src=\"https:\/\/epierotti.com.br\/wp-content\/uploads\/2023\/01\/WhatsApp-Image-2023-01-09-at-11.03.40-1024x1024.jpeg\" class=\"attachment-large size-large\" alt=\"\" srcset=\"https:\/\/epierotti.com.br\/wp-content\/uploads\/2023\/01\/WhatsApp-Image-2023-01-09-at-11.03.40-1024x1024.jpeg 1024w, https:\/\/epierotti.com.br\/wp-content\/uploads\/2023\/01\/WhatsApp-Image-2023-01-09-at-11.03.40-300x300.jpeg 300w, https:\/\/epierotti.com.br\/wp-content\/uploads\/2023\/01\/WhatsApp-Image-2023-01-09-at-11.03.40-150x150.jpeg 150w, https:\/\/epierotti.com.br\/wp-content\/uploads\/2023\/01\/WhatsApp-Image-2023-01-09-at-11.03.40-768x768.jpeg 768w, https:\/\/epierotti.com.br\/wp-content\/uploads\/2023\/01\/WhatsApp-Image-2023-01-09-at-11.03.40-12x12.jpeg 12w, https:\/\/epierotti.com.br\/wp-content\/uploads\/2023\/01\/WhatsApp-Image-2023-01-09-at-11.03.40.jpeg 1280w\" sizes=\"(max-width: 800px) 100vw, 800px\" \/>\t\t\t\t\t\t\t\t\t\t\t\t\t\t\t<\/div>\n\t\t\t\t<\/div>\n\t\t\t\t<div class=\"elementor-element elementor-element-805e824 elementor-widget elementor-widget-heading\" data-id=\"805e824\" data-element_type=\"widget\" data-widget_type=\"heading.default\">\n\t\t\t\t<div class=\"elementor-widget-container\">\n\t\t\t<h2 class=\"elementor-heading-title elementor-size-default\">Eug\u00eanio Pierotti<br>\n(President)<\/h2>\t\t<\/div>\n\t\t\t\t<\/div>\n\t\t<\/div><div class=\"elementor-element elementor-element-9e4f9fa e-container--column e-container\" data-id=\"9e4f9fa\" data-element_type=\"container\">\t\t\t\t<div class=\"elementor-element elementor-element-2ce3226 elementor-widget elementor-widget-image\" data-id=\"2ce3226\" data-element_type=\"widget\" data-widget_type=\"image.default\">\n\t\t\t\t<div class=\"elementor-widget-container\">\n\t\t\t\t\t\t\t\t\t\t\t\t\t\t\t<img decoding=\"async\" width=\"677\" height=\"677\" src=\"https:\/\/epierotti.com.br\/wp-content\/uploads\/2023\/02\/WhatsApp-Image-2023-02-10-at-14.45.36-1.jpeg\" class=\"attachment-large size-large\" alt=\"\" srcset=\"https:\/\/epierotti.com.br\/wp-content\/uploads\/2023\/02\/WhatsApp-Image-2023-02-10-at-14.45.36-1.jpeg 677w, https:\/\/epierotti.com.br\/wp-content\/uploads\/2023\/02\/WhatsApp-Image-2023-02-10-at-14.45.36-1-300x300.jpeg 300w, https:\/\/epierotti.com.br\/wp-content\/uploads\/2023\/02\/WhatsApp-Image-2023-02-10-at-14.45.36-1-150x150.jpeg 150w, https:\/\/epierotti.com.br\/wp-content\/uploads\/2023\/02\/WhatsApp-Image-2023-02-10-at-14.45.36-1-12x12.jpeg 12w\" sizes=\"(max-width: 677px) 100vw, 677px\" \/>\t\t\t\t\t\t\t\t\t\t\t\t\t\t\t<\/div>\n\t\t\t\t<\/div>\n\t\t\t\t<div class=\"elementor-element elementor-element-591ba7d elementor-widget elementor-widget-heading\" data-id=\"591ba7d\" data-element_type=\"widget\" data-widget_type=\"heading.default\">\n\t\t\t\t<div class=\"elementor-widget-container\">\n\t\t\t<h2 class=\"elementor-heading-title elementor-size-default\">Flavio Pierotti \u2013 CEO<br>\n(Chief Executive Officer)<\/h2>\t\t<\/div>\n\t\t\t\t<\/div>\n\t\t<\/div><div class=\"elementor-element elementor-element-47e1ee6 e-container--column e-container\" data-id=\"47e1ee6\" data-element_type=\"container\">\t\t\t\t<div class=\"elementor-element elementor-element-7cb7e10 elementor-widget elementor-widget-image\" data-id=\"7cb7e10\" data-element_type=\"widget\" data-widget_type=\"image.default\">\n\t\t\t\t<div class=\"elementor-widget-container\">\n\t\t\t\t\t\t\t\t\t\t\t\t\t\t\t<img decoding=\"async\" width=\"800\" height=\"800\" src=\"https:\/\/epierotti.com.br\/wp-content\/uploads\/2023\/02\/WhatsApp-Image-2023-02-10-at-14.45.36-2-1-1024x1024.jpeg\" class=\"attachment-large size-large\" alt=\"\" srcset=\"https:\/\/epierotti.com.br\/wp-content\/uploads\/2023\/02\/WhatsApp-Image-2023-02-10-at-14.45.36-2-1-1024x1024.jpeg 1024w, https:\/\/epierotti.com.br\/wp-content\/uploads\/2023\/02\/WhatsApp-Image-2023-02-10-at-14.45.36-2-1-300x300.jpeg 300w, https:\/\/epierotti.com.br\/wp-content\/uploads\/2023\/02\/WhatsApp-Image-2023-02-10-at-14.45.36-2-1-150x150.jpeg 150w, https:\/\/epierotti.com.br\/wp-content\/uploads\/2023\/02\/WhatsApp-Image-2023-02-10-at-14.45.36-2-1-768x768.jpeg 768w, https:\/\/epierotti.com.br\/wp-content\/uploads\/2023\/02\/WhatsApp-Image-2023-02-10-at-14.45.36-2-1-1536x1536.jpeg 1536w, https:\/\/epierotti.com.br\/wp-content\/uploads\/2023\/02\/WhatsApp-Image-2023-02-10-at-14.45.36-2-1-12x12.jpeg 12w, https:\/\/epierotti.com.br\/wp-content\/uploads\/2023\/02\/WhatsApp-Image-2023-02-10-at-14.45.36-2-1.jpeg 1600w\" sizes=\"(max-width: 800px) 100vw, 800px\" \/>\t\t\t\t\t\t\t\t\t\t\t\t\t\t\t<\/div>\n\t\t\t\t<\/div>\n\t\t\t\t<div class=\"elementor-element elementor-element-71cd47a elementor-widget elementor-widget-heading\" data-id=\"71cd47a\" data-element_type=\"widget\" data-widget_type=\"heading.default\">\n\t\t\t\t<div class=\"elementor-widget-container\">\n\t\t\t<h2 class=\"elementor-heading-title elementor-size-default\">Renata Pierotti \u2013 CFO <br>\n(Chief Financial Officer)<\/h2>\t\t<\/div>\n\t\t\t\t<\/div>\n\t\t<\/div><div class=\"elementor-element elementor-element-1245903 e-container--column e-container\" data-id=\"1245903\" data-element_type=\"container\">\t\t\t\t<div class=\"elementor-element elementor-element-f4d10f2 elementor-widget elementor-widget-image\" data-id=\"f4d10f2\" data-element_type=\"widget\" data-widget_type=\"image.default\">\n\t\t\t\t<div class=\"elementor-widget-container\">\n\t\t\t\t\t\t\t\t\t\t\t\t\t\t\t<img decoding=\"async\" width=\"576\" height=\"577\" src=\"https:\/\/epierotti.com.br\/wp-content\/uploads\/2025\/10\/Captura-de-Tela-2025-10-02-as-15.06.58.png\" class=\"attachment-large size-large\" alt=\"\" srcset=\"https:\/\/epierotti.com.br\/wp-content\/uploads\/2025\/10\/Captura-de-Tela-2025-10-02-as-15.06.58.png 576w, https:\/\/epierotti.com.br\/wp-content\/uploads\/2025\/10\/Captura-de-Tela-2025-10-02-as-15.06.58-300x300.png 300w, https:\/\/epierotti.com.br\/wp-content\/uploads\/2025\/10\/Captura-de-Tela-2025-10-02-as-15.06.58-150x150.png 150w, https:\/\/epierotti.com.br\/wp-content\/uploads\/2025\/10\/Captura-de-Tela-2025-10-02-as-15.06.58-12x12.png 12w\" sizes=\"(max-width: 576px) 100vw, 576px\" \/>\t\t\t\t\t\t\t\t\t\t\t\t\t\t\t<\/div>\n\t\t\t\t<\/div>\n\t\t\t\t<div class=\"elementor-element elementor-element-75f0cd2 elementor-widget elementor-widget-heading\" data-id=\"75f0cd2\" data-element_type=\"widget\" data-widget_type=\"heading.default\">\n\t\t\t\t<div class=\"elementor-widget-container\">\n\t\t\t<h2 class=\"elementor-heading-title elementor-size-default\">Fernanda Pierotti <br>\nESG Director<\/h2>\t\t<\/div>\n\t\t\t\t<\/div>\n\t\t<\/div><\/div>\t\t\t\t\t<\/div>","protected":false},"excerpt":{"rendered":"<p>About us &gt; 2 At Master Marine, we are driven by the mission to serve vessels sailing along the Brazilian coast with excellence and full compliance. We operate as a general ship supplier for vessels and offshore units, delivering comprehensive solutions in food, beverages, and technical consumables since 1949 \u2014 a legacy that began with [&hellip;]<\/p>","protected":false},"author":2,"featured_media":0,"parent":0,"menu_order":0,"comment_status":"closed","ping_status":"closed","template":"","meta":{"footnotes":""},"_links":{"self":[{"href":"https:\/\/epierotti.com.br\/en\/wp-json\/wp\/v2\/pages\/1288"}],"collection":[{"href":"https:\/\/epierotti.com.br\/en\/wp-json\/wp\/v2\/pages"}],"about":[{"href":"https:\/\/epierotti.com.br\/en\/wp-json\/wp\/v2\/types\/page"}],"author":[{"embeddable":true,"href":"https:\/\/epierotti.com.br\/en\/wp-json\/wp\/v2\/users\/2"}],"replies":[{"embeddable":true,"href":"https:\/\/epierotti.com.br\/en\/wp-json\/wp\/v2\/comments?post=1288"}],"version-history":[{"count":31,"href":"https:\/\/epierotti.com.br\/en\/wp-json\/wp\/v2\/pages\/1288\/revisions"}],"predecessor-version":[{"id":1387,"href":"https:\/\/epierotti.com.br\/en\/wp-json\/wp\/v2\/pages\/1288\/revisions\/1387"}],"wp:attachment":[{"href":"https:\/\/epierotti.com.br\/en\/wp-json\/wp\/v2\/media?parent=1288"}],"curies":[{"name":"wp","href":"https:\/\/api.w.org\/{rel}","templated":true}]}}